{"id":1471,"date":"2022-09-22T13:25:40","date_gmt":"2022-09-22T13:25:40","guid":{"rendered":"https:\/\/oleoflores.com\/?page_id=1471"},"modified":"2026-02-05T16:11:28","modified_gmt":"2026-02-05T16:11:28","slug":"conocenos","status":"publish","type":"page","link":"https:\/\/oleoflores.com\/en\/conocenos\/","title":{"rendered":"Get to know us"},"content":{"rendered":"<div data-elementor-type=\"wp-page\" data-elementor-id=\"1471\" class=\"elementor elementor-1471\" data-elementor-post-type=\"page\">\n\t\t\t\t\t\t<section class=\"elementor-section elementor-top-section elementor-element elementor-element-4c29816 elementor-section-height-min-height elementor-section-boxed elementor-section-height-default elementor-section-items-middle\" data-id=\"4c29816\" data-element_type=\"section\" data-e-type=\"section\" data-settings=\"{&quot;background_background&quot;:&quot;classic&quot;}\">\n\t\t\t\t\t\t\t<div class=\"elementor-background-overlay\"><\/div>\n\t\t\t\t\t\t\t<div class=\"elementor-container elementor-column-gap-default\">\n\t\t\t\t\t<div class=\"elementor-column elementor-col-100 elementor-top-column elementor-element elementor-element-7a8a5d3\" data-id=\"7a8a5d3\" data-element_type=\"column\" data-e-type=\"column\">\n\t\t\t<div class=\"elementor-widget-wrap elementor-element-populated\">\n\t\t\t\t\t\t<div class=\"elementor-element elementor-element-9b87dd5 elementor-invisible elementor-widget elementor-widget-heading\" data-id=\"9b87dd5\" data-element_type=\"widget\" data-e-type=\"widget\" data-settings=\"{&quot;_animation&quot;:&quot;slideInUp&quot;}\" data-widget_type=\"heading.default\">\n\t\t\t\t<div class=\"elementor-widget-container\">\n\t\t\t\t\t<h1 class=\"elementor-heading-title elementor-size-default\">Get to know us<\/h1>\t\t\t\t<\/div>\n\t\t\t\t<\/div>\n\t\t\t\t<div class=\"elementor-element elementor-element-767fe72 animated-slow elementor-invisible elementor-widget elementor-widget-text-editor\" data-id=\"767fe72\" data-element_type=\"widget\" data-e-type=\"widget\" data-settings=\"{&quot;_animation&quot;:&quot;fadeIn&quot;,&quot;_animation_delay&quot;:600}\" data-widget_type=\"text-editor.default\">\n\t\t\t\t<div class=\"elementor-widget-container\">\n\t\t\t\t\t\t\t\t\t<p>We add value to the oil palm production chain in a different and responsible way.<\/p>\t\t\t\t\t\t\t\t<\/div>\n\t\t\t\t<\/div>\n\t\t\t\t\t<\/div>\n\t\t<\/div>\n\t\t\t\t\t<\/div>\n\t\t<\/section>\n\t\t\t\t<section class=\"elementor-section elementor-top-section elementor-element elementor-element-1ccaeb4 elementor-section-boxed elementor-section-height-default elementor-section-height-default\" data-id=\"1ccaeb4\" data-element_type=\"section\" data-e-type=\"section\">\n\t\t\t\t\t\t<div class=\"elementor-container elementor-column-gap-default\">\n\t\t\t\t\t<div class=\"elementor-column elementor-col-50 elementor-top-column elementor-element elementor-element-a857562\" data-id=\"a857562\" data-element_type=\"column\" data-e-type=\"column\" data-settings=\"{&quot;background_background&quot;:&quot;classic&quot;}\">\n\t\t\t<div class=\"elementor-widget-wrap elementor-element-populated\">\n\t\t\t\t\t\t<div class=\"elementor-element elementor-element-fd974fc elementor-widget elementor-widget-spacer\" data-id=\"fd974fc\" data-element_type=\"widget\" data-e-type=\"widget\" data-widget_type=\"spacer.default\">\n\t\t\t\t<div class=\"elementor-widget-container\">\n\t\t\t\t\t\t\t<div class=\"elementor-spacer\">\n\t\t\t<div class=\"elementor-spacer-inner\"><\/div>\n\t\t<\/div>\n\t\t\t\t\t\t<\/div>\n\t\t\t\t<\/div>\n\t\t\t\t\t<\/div>\n\t\t<\/div>\n\t\t\t\t<div class=\"elementor-column elementor-col-50 elementor-top-column elementor-element elementor-element-f9c0d04\" data-id=\"f9c0d04\" data-element_type=\"column\" data-e-type=\"column\">\n\t\t\t<div class=\"elementor-widget-wrap elementor-element-populated\">\n\t\t\t\t\t\t<div class=\"elementor-element elementor-element-c3dbbda elementor-widget elementor-widget-text-editor\" data-id=\"c3dbbda\" data-element_type=\"widget\" data-e-type=\"widget\" data-widget_type=\"text-editor.default\">\n\t\t\t\t<div class=\"elementor-widget-container\">\n\t\t\t\t\t\t\t\t\t<h3><span style=\"color: #578201;\">One palm, one life changes<\/span><\/h3><p>We are a family business for over 100 years that works the entire oil palm chain, from seed, harvesting and extraction, to quality industrial products.<\/p><p>Since our beginnings and first projects, we have focused on generating wellbeing in the communities to optimize the oil palm production process and improve the environment.<\/p>\t\t\t\t\t\t\t\t<\/div>\n\t\t\t\t<\/div>\n\t\t\t\t\t<\/div>\n\t\t<\/div>\n\t\t\t\t\t<\/div>\n\t\t<\/section>\n\t\t\t\t<section class=\"elementor-section elementor-top-section elementor-element elementor-element-a583aea elementor-reverse-mobile elementor-section-boxed elementor-section-height-default elementor-section-height-default\" data-id=\"a583aea\" data-element_type=\"section\" data-e-type=\"section\">\n\t\t\t\t\t\t<div class=\"elementor-container elementor-column-gap-default\">\n\t\t\t\t\t<div class=\"elementor-column elementor-col-50 elementor-top-column elementor-element elementor-element-a2b5b66\" data-id=\"a2b5b66\" data-element_type=\"column\" data-e-type=\"column\">\n\t\t\t<div class=\"elementor-widget-wrap elementor-element-populated\">\n\t\t\t\t\t\t<div class=\"elementor-element elementor-element-9744892 elementor-widget elementor-widget-text-editor\" data-id=\"9744892\" data-element_type=\"widget\" data-e-type=\"widget\" data-widget_type=\"text-editor.default\">\n\t\t\t\t<div class=\"elementor-widget-container\">\n\t\t\t\t\t\t\t\t\t<h3><span style=\"color: #578201;\">Passionate about cultivating oil palm and generating progress in the countryside<\/span><\/h3><p>The Oleoflores Group was founded by Carlos Murgas Guerrero, a visionary entrepreneur and engineer specialized in agribusiness, and is currently led by his family.\u00a0<\/p><p>In 2000, the company initiated the Oleofores model of \"Productive Alliances\" in which it began to foster the economic and social development of small palm growers under an associative model, which resulted in a clear success for the company and its expansion plans.\u00a0<\/p><p>Today, we are more than 4,000 people working at Oleoflores to guarantee a well-made palm oil, with clear rules and traceability in order to be an international player.<\/p>\t\t\t\t\t\t\t\t<\/div>\n\t\t\t\t<\/div>\n\t\t\t\t\t<\/div>\n\t\t<\/div>\n\t\t\t\t<div class=\"elementor-column elementor-col-50 elementor-top-column elementor-element elementor-element-20a7722\" data-id=\"20a7722\" data-element_type=\"column\" data-e-type=\"column\" data-settings=\"{&quot;background_background&quot;:&quot;classic&quot;}\">\n\t\t\t<div class=\"elementor-widget-wrap elementor-element-populated\">\n\t\t\t\t\t\t<div class=\"elementor-element elementor-element-e999f5c elementor-widget elementor-widget-spacer\" data-id=\"e999f5c\" data-element_type=\"widget\" data-e-type=\"widget\" data-widget_type=\"spacer.default\">\n\t\t\t\t<div class=\"elementor-widget-container\">\n\t\t\t\t\t\t\t<div class=\"elementor-spacer\">\n\t\t\t<div class=\"elementor-spacer-inner\"><\/div>\n\t\t<\/div>\n\t\t\t\t\t\t<\/div>\n\t\t\t\t<\/div>\n\t\t\t\t\t<\/div>\n\t\t<\/div>\n\t\t\t\t\t<\/div>\n\t\t<\/section>\n\t\t\t\t<section class=\"elementor-section elementor-top-section elementor-element elementor-element-5b670a2 elementor-section-boxed elementor-section-height-default elementor-section-height-default\" data-id=\"5b670a2\" data-element_type=\"section\" data-e-type=\"section\">\n\t\t\t\t\t\t<div class=\"elementor-container elementor-column-gap-default\">\n\t\t\t\t\t<div class=\"elementor-column elementor-col-50 elementor-top-column elementor-element elementor-element-9fddfee\" data-id=\"9fddfee\" data-element_type=\"column\" data-e-type=\"column\" data-settings=\"{&quot;background_background&quot;:&quot;classic&quot;}\">\n\t\t\t<div class=\"elementor-widget-wrap elementor-element-populated\">\n\t\t\t\t\t\t<div class=\"elementor-element elementor-element-c65e378 elementor-widget elementor-widget-spacer\" data-id=\"c65e378\" data-element_type=\"widget\" data-e-type=\"widget\" data-widget_type=\"spacer.default\">\n\t\t\t\t<div class=\"elementor-widget-container\">\n\t\t\t\t\t\t\t<div class=\"elementor-spacer\">\n\t\t\t<div class=\"elementor-spacer-inner\"><\/div>\n\t\t<\/div>\n\t\t\t\t\t\t<\/div>\n\t\t\t\t<\/div>\n\t\t\t\t\t<\/div>\n\t\t<\/div>\n\t\t\t\t<div class=\"elementor-column elementor-col-50 elementor-top-column elementor-element elementor-element-7591720\" data-id=\"7591720\" data-element_type=\"column\" data-e-type=\"column\">\n\t\t\t<div class=\"elementor-widget-wrap elementor-element-populated\">\n\t\t\t\t\t\t<div class=\"elementor-element elementor-element-9aca296 elementor-widget elementor-widget-text-editor\" data-id=\"9aca296\" data-element_type=\"widget\" data-e-type=\"widget\" data-widget_type=\"text-editor.default\">\n\t\t\t\t<div class=\"elementor-widget-container\">\n\t\t\t\t\t\t\t\t\t<h3><span style=\"color: #578201;\">Oleoflores is: a social enterprise<\/span><\/h3><p>We have international certifications that support its work with the environment and social development of the field.\u00a0\u00a0<\/p><p>Since its beginnings with oil palm in the mid-1970s, all the economic projects we design must have a long-term social component, focused on social, environmental and business welfare.\u00a0<\/p><p>We consider ourselves a social enterprise because in all our oil palm business and social projects, we have worked for the reduction and eradication of poverty in vulnerable communities.<\/p>\t\t\t\t\t\t\t\t<\/div>\n\t\t\t\t<\/div>\n\t\t\t\t\t<\/div>\n\t\t<\/div>\n\t\t\t\t\t<\/div>\n\t\t<\/section>\n\t\t\t\t<\/div>","protected":false},"excerpt":{"rendered":"<p>Con\u00f3cenos Agregamos valor a la cadena productiva de la palma de aceite de una forma diferente y responsable. Una palma, una vida cambia Somos una empresa familiar de m\u00e1s de 100 a\u00f1os que trabajamos toda la cadena de la palma de aceite, desde la semilla, cosecha y extracci\u00f3n,\u00a0 hasta productos industriales de calidad. Desde nuestros [&hellip;]<\/p>","protected":false},"author":1,"featured_media":0,"parent":0,"menu_order":0,"comment_status":"closed","ping_status":"closed","template":"elementor_header_footer","meta":{"footnotes":""},"class_list":["post-1471","page","type-page","status-publish","hentry"],"yoast_head":"<!-- This site is optimized with the Yoast SEO plugin v26.9 - https:\/\/yoast.com\/product\/yoast-seo-wordpress\/ -->\n<title>Con\u00f3cenos - Oleoflores<\/title>\n<meta name=\"robots\" content=\"index, follow, max-snippet:-1, max-image-preview:large, max-video-preview:-1\" \/>\n<link rel=\"canonical\" href=\"https:\/\/oleoflores.com\/en\/conocenos\/\" \/>\n<meta property=\"og:locale\" content=\"en_US\" \/>\n<meta property=\"og:type\" content=\"article\" \/>\n<meta property=\"og:title\" content=\"Con\u00f3cenos - Oleoflores\" \/>\n<meta property=\"og:description\" content=\"Con\u00f3cenos Agregamos valor a la cadena productiva de la palma de aceite de una forma diferente y responsable. Una palma, una vida cambia Somos una empresa familiar de m\u00e1s de 100 a\u00f1os que trabajamos toda la cadena de la palma de aceite, desde la semilla, cosecha y extracci\u00f3n,\u00a0 hasta productos industriales de calidad. Desde nuestros [&hellip;]\" \/>\n<meta property=\"og:url\" content=\"https:\/\/oleoflores.com\/en\/conocenos\/\" \/>\n<meta property=\"og:site_name\" content=\"Oleoflores\" \/>\n<meta property=\"article:modified_time\" content=\"2026-02-05T16:11:28+00:00\" \/>\n<meta name=\"twitter:card\" content=\"summary_large_image\" \/>\n<meta name=\"twitter:label1\" content=\"Est. reading time\" \/>\n\t<meta name=\"twitter:data1\" content=\"2 minutes\" \/>\n<script type=\"application\/ld+json\" class=\"yoast-schema-graph\">{\"@context\":\"https:\/\/schema.org\",\"@graph\":[{\"@type\":\"WebPage\",\"@id\":\"https:\/\/oleoflores.com\/conocenos\/\",\"url\":\"https:\/\/oleoflores.com\/conocenos\/\",\"name\":\"Con\u00f3cenos - Oleoflores\",\"isPartOf\":{\"@id\":\"https:\/\/oleoflores.com\/#website\"},\"datePublished\":\"2022-09-22T13:25:40+00:00\",\"dateModified\":\"2026-02-05T16:11:28+00:00\",\"breadcrumb\":{\"@id\":\"https:\/\/oleoflores.com\/conocenos\/#breadcrumb\"},\"inLanguage\":\"en-US\",\"potentialAction\":[{\"@type\":\"ReadAction\",\"target\":[\"https:\/\/oleoflores.com\/conocenos\/\"]}]},{\"@type\":\"BreadcrumbList\",\"@id\":\"https:\/\/oleoflores.com\/conocenos\/#breadcrumb\",\"itemListElement\":[{\"@type\":\"ListItem\",\"position\":1,\"name\":\"Home\",\"item\":\"https:\/\/oleoflores.com\/\"},{\"@type\":\"ListItem\",\"position\":2,\"name\":\"Con\u00f3cenos\"}]},{\"@type\":\"WebSite\",\"@id\":\"https:\/\/oleoflores.com\/#website\",\"url\":\"https:\/\/oleoflores.com\/\",\"name\":\"Oleoflores\",\"description\":\"Una palma, una vida cambia\",\"publisher\":{\"@id\":\"https:\/\/oleoflores.com\/#organization\"},\"potentialAction\":[{\"@type\":\"SearchAction\",\"target\":{\"@type\":\"EntryPoint\",\"urlTemplate\":\"https:\/\/oleoflores.com\/?s={search_term_string}\"},\"query-input\":{\"@type\":\"PropertyValueSpecification\",\"valueRequired\":true,\"valueName\":\"search_term_string\"}}],\"inLanguage\":\"en-US\"},{\"@type\":\"Organization\",\"@id\":\"https:\/\/oleoflores.com\/#organization\",\"name\":\"Oleoflores\",\"url\":\"https:\/\/oleoflores.com\/\",\"logo\":{\"@type\":\"ImageObject\",\"inLanguage\":\"en-US\",\"@id\":\"https:\/\/oleoflores.com\/#\/schema\/logo\/image\/\",\"url\":\"https:\/\/oleoflores.com\/wp-content\/uploads\/2024\/08\/logo-dark.png\",\"contentUrl\":\"https:\/\/oleoflores.com\/wp-content\/uploads\/2024\/08\/logo-dark.png\",\"width\":528,\"height\":162,\"caption\":\"Oleoflores\"},\"image\":{\"@id\":\"https:\/\/oleoflores.com\/#\/schema\/logo\/image\/\"}}]}<\/script>\n<!-- \/ Yoast SEO plugin. -->","yoast_head_json":{"title":"Con\u00f3cenos - Oleoflores","robots":{"index":"index","follow":"follow","max-snippet":"max-snippet:-1","max-image-preview":"max-image-preview:large","max-video-preview":"max-video-preview:-1"},"canonical":"https:\/\/oleoflores.com\/en\/conocenos\/","og_locale":"en_US","og_type":"article","og_title":"Con\u00f3cenos - Oleoflores","og_description":"Con\u00f3cenos Agregamos valor a la cadena productiva de la palma de aceite de una forma diferente y responsable. Una palma, una vida cambia Somos una empresa familiar de m\u00e1s de 100 a\u00f1os que trabajamos toda la cadena de la palma de aceite, desde la semilla, cosecha y extracci\u00f3n,\u00a0 hasta productos industriales de calidad. Desde nuestros [&hellip;]","og_url":"https:\/\/oleoflores.com\/en\/conocenos\/","og_site_name":"Oleoflores","article_modified_time":"2026-02-05T16:11:28+00:00","twitter_card":"summary_large_image","twitter_misc":{"Est. reading time":"2 minutes"},"schema":{"@context":"https:\/\/schema.org","@graph":[{"@type":"WebPage","@id":"https:\/\/oleoflores.com\/conocenos\/","url":"https:\/\/oleoflores.com\/conocenos\/","name":"Con\u00f3cenos - Oleoflores","isPartOf":{"@id":"https:\/\/oleoflores.com\/#website"},"datePublished":"2022-09-22T13:25:40+00:00","dateModified":"2026-02-05T16:11:28+00:00","breadcrumb":{"@id":"https:\/\/oleoflores.com\/conocenos\/#breadcrumb"},"inLanguage":"en-US","potentialAction":[{"@type":"ReadAction","target":["https:\/\/oleoflores.com\/conocenos\/"]}]},{"@type":"BreadcrumbList","@id":"https:\/\/oleoflores.com\/conocenos\/#breadcrumb","itemListElement":[{"@type":"ListItem","position":1,"name":"Home","item":"https:\/\/oleoflores.com\/"},{"@type":"ListItem","position":2,"name":"Con\u00f3cenos"}]},{"@type":"WebSite","@id":"https:\/\/oleoflores.com\/#website","url":"https:\/\/oleoflores.com\/","name":"Oleoflores","description":"One palm, one life changes","publisher":{"@id":"https:\/\/oleoflores.com\/#organization"},"potentialAction":[{"@type":"SearchAction","target":{"@type":"EntryPoint","urlTemplate":"https:\/\/oleoflores.com\/?s={search_term_string}"},"query-input":{"@type":"PropertyValueSpecification","valueRequired":true,"valueName":"search_term_string"}}],"inLanguage":"en-US"},{"@type":"Organization","@id":"https:\/\/oleoflores.com\/#organization","name":"Oleoflores","url":"https:\/\/oleoflores.com\/","logo":{"@type":"ImageObject","inLanguage":"en-US","@id":"https:\/\/oleoflores.com\/#\/schema\/logo\/image\/","url":"https:\/\/oleoflores.com\/wp-content\/uploads\/2024\/08\/logo-dark.png","contentUrl":"https:\/\/oleoflores.com\/wp-content\/uploads\/2024\/08\/logo-dark.png","width":528,"height":162,"caption":"Oleoflores"},"image":{"@id":"https:\/\/oleoflores.com\/#\/schema\/logo\/image\/"}}]}},"_links":{"self":[{"href":"https:\/\/oleoflores.com\/en\/wp-json\/wp\/v2\/pages\/1471","targetHints":{"allow":["GET"]}}],"collection":[{"href":"https:\/\/oleoflores.com\/en\/wp-json\/wp\/v2\/pages"}],"about":[{"href":"https:\/\/oleoflores.com\/en\/wp-json\/wp\/v2\/types\/page"}],"author":[{"embeddable":true,"href":"https:\/\/oleoflores.com\/en\/wp-json\/wp\/v2\/users\/1"}],"replies":[{"embeddable":true,"href":"https:\/\/oleoflores.com\/en\/wp-json\/wp\/v2\/comments?post=1471"}],"version-history":[{"count":112,"href":"https:\/\/oleoflores.com\/en\/wp-json\/wp\/v2\/pages\/1471\/revisions"}],"predecessor-version":[{"id":4638,"href":"https:\/\/oleoflores.com\/en\/wp-json\/wp\/v2\/pages\/1471\/revisions\/4638"}],"wp:attachment":[{"href":"https:\/\/oleoflores.com\/en\/wp-json\/wp\/v2\/media?parent=1471"}],"curies":[{"name":"wp","href":"https:\/\/api.w.org\/{rel}","templated":true}]}}