{"id":1269,"date":"2022-08-11T14:02:37","date_gmt":"2022-08-11T14:02:37","guid":{"rendered":"https:\/\/oleoflores.com\/?page_id=1269"},"modified":"2024-08-15T16:03:43","modified_gmt":"2024-08-15T16:03:43","slug":"alianzas-productivas","status":"publish","type":"page","link":"https:\/\/oleoflores.com\/en\/alianzas-productivas\/","title":{"rendered":"Productive Alliances"},"content":{"rendered":"<div data-elementor-type=\"wp-page\" data-elementor-id=\"1269\" class=\"elementor elementor-1269\" data-elementor-post-type=\"page\">\n\t\t\t\t\t\t<section class=\"elementor-section elementor-top-section elementor-element elementor-element-75e298d elementor-section-height-min-height elementor-section-boxed elementor-section-height-default elementor-section-items-middle\" data-id=\"75e298d\" data-element_type=\"section\" data-e-type=\"section\" data-settings=\"{&quot;background_background&quot;:&quot;classic&quot;,&quot;background_motion_fx_motion_fx_scrolling&quot;:&quot;yes&quot;,&quot;background_motion_fx_scale_effect&quot;:&quot;yes&quot;,&quot;background_motion_fx_scale_speed&quot;:{&quot;unit&quot;:&quot;px&quot;,&quot;size&quot;:5,&quot;sizes&quot;:[]},&quot;background_motion_fx_scale_direction&quot;:&quot;out-in&quot;,&quot;background_motion_fx_scale_range&quot;:{&quot;unit&quot;:&quot;%&quot;,&quot;size&quot;:&quot;&quot;,&quot;sizes&quot;:{&quot;start&quot;:20,&quot;end&quot;:80}},&quot;background_motion_fx_devices&quot;:[&quot;desktop&quot;,&quot;tablet&quot;,&quot;mobile&quot;]}\">\n\t\t\t\t\t\t\t<div class=\"elementor-background-overlay\"><\/div>\n\t\t\t\t\t\t\t<div class=\"elementor-container elementor-column-gap-default\">\n\t\t\t\t\t<div class=\"elementor-column elementor-col-100 elementor-top-column elementor-element elementor-element-92586f6\" data-id=\"92586f6\" data-element_type=\"column\" data-e-type=\"column\">\n\t\t\t<div class=\"elementor-widget-wrap elementor-element-populated\">\n\t\t\t\t\t\t<div class=\"elementor-element elementor-element-4aab8b5 elementor-invisible elementor-widget elementor-widget-heading\" data-id=\"4aab8b5\" data-element_type=\"widget\" data-e-type=\"widget\" data-settings=\"{&quot;_animation&quot;:&quot;slideInUp&quot;}\" data-widget_type=\"heading.default\">\n\t\t\t\t<div class=\"elementor-widget-container\">\n\t\t\t\t\t<h1 class=\"elementor-heading-title elementor-size-default\">alliances<\/h1>\t\t\t\t<\/div>\n\t\t\t\t<\/div>\n\t\t\t\t<div class=\"elementor-element elementor-element-a8f694e animated-slow elementor-invisible elementor-widget elementor-widget-text-editor\" data-id=\"a8f694e\" data-element_type=\"widget\" data-e-type=\"widget\" data-settings=\"{&quot;_animation&quot;:&quot;fadeIn&quot;,&quot;_animation_delay&quot;:900}\" data-widget_type=\"text-editor.default\">\n\t\t\t\t<div class=\"elementor-widget-container\">\n\t\t\t\t\t\t\t\t\t<p>productive<\/p>\t\t\t\t\t\t\t\t<\/div>\n\t\t\t\t<\/div>\n\t\t\t\t\t<\/div>\n\t\t<\/div>\n\t\t\t\t\t<\/div>\n\t\t<\/section>\n\t\t\t\t<section class=\"elementor-section elementor-top-section elementor-element elementor-element-bbb500f elementor-section-boxed elementor-section-height-default elementor-section-height-default\" data-id=\"bbb500f\" data-element_type=\"section\" data-e-type=\"section\">\n\t\t\t\t\t\t<div class=\"elementor-container elementor-column-gap-default\">\n\t\t\t\t\t<div class=\"elementor-column elementor-col-100 elementor-top-column elementor-element elementor-element-3311a1c\" data-id=\"3311a1c\" data-element_type=\"column\" data-e-type=\"column\">\n\t\t\t<div class=\"elementor-widget-wrap elementor-element-populated\">\n\t\t\t\t\t\t<div class=\"elementor-element elementor-element-3a83ff6 elementor-widget elementor-widget-breadcrumbs\" data-id=\"3a83ff6\" data-element_type=\"widget\" data-e-type=\"widget\" data-widget_type=\"breadcrumbs.default\">\n\t\t\t\t<div class=\"elementor-widget-container\">\n\t\t\t\t\t<p id=\"breadcrumbs\"><span><span><a href=\"https:\/\/oleoflores.com\/en\/\">Home<\/a><\/span><\/span><\/p>\t\t\t\t<\/div>\n\t\t\t\t<\/div>\n\t\t\t\t\t<\/div>\n\t\t<\/div>\n\t\t\t\t\t<\/div>\n\t\t<\/section>\n\t\t\t\t<section class=\"elementor-section elementor-top-section elementor-element elementor-element-443b8e0 elementor-section-boxed elementor-section-height-default elementor-section-height-default\" data-id=\"443b8e0\" data-element_type=\"section\" data-e-type=\"section\">\n\t\t\t\t\t\t<div class=\"elementor-container elementor-column-gap-default\">\n\t\t\t\t\t<div class=\"elementor-column elementor-col-100 elementor-top-column elementor-element elementor-element-d027a75\" data-id=\"d027a75\" data-element_type=\"column\" data-e-type=\"column\">\n\t\t\t<div class=\"elementor-widget-wrap elementor-element-populated\">\n\t\t\t\t\t\t<div class=\"elementor-element elementor-element-dc58370 elementor-widget__width-initial elementor-widget elementor-widget-text-editor\" data-id=\"dc58370\" data-element_type=\"widget\" data-e-type=\"widget\" data-widget_type=\"text-editor.default\">\n\t\t\t\t<div class=\"elementor-widget-container\">\n\t\t\t\t\t\t\t\t\t<p class=\"translation-block\">Our model is based on <strong>productive and social alliances<\/strong> with farmers and the community.<\/p><p>We associate small, medium and large producers with experienced entrepreneurs, with the aim of turning their oil palm crops into productive, profitable and sustainable projects.\u00a0<\/p><p>We are in five departments of Colombia.\u00a0<\/p><p>Atl\u00e1ntico (Repel\u00f3n)<\/p><p>Bolivar (Marialabaja)<\/p><p>Cesar (Codazzi)<\/p><p>C\u00f3rdoba (Monter\u00eda)<\/p><p>Norte de Santander (Tib\u00fa)<\/p><h3><span style=\"color: #5f9600;\"><strong>Benefits of the Oleoflores Model \u2013 Productive Alliances:<\/strong><\/span><\/h3><ul><li>We integrate the peasant economy into agroindustrial chains. We provide them with the tools to grow as entrepreneurs through partnerships.<\/li><li>We and the allied producers, we conform as a great productive unit which results in greater business competitiveness.<\/li><li>We implement technologies to guarantee high productivity levels.<\/li><li>We guarantee the commercialization of our production at fair and transparent prices.<\/li><li>We generate formal and legal employment.<\/li><li>We protect small producers from the loss of their plots of land due to pressure from violence.<\/li><li>We turn communities into development poles.\u00a0<\/li><\/ul>\t\t\t\t\t\t\t\t<\/div>\n\t\t\t\t<\/div>\n\t\t\t\t\t<\/div>\n\t\t<\/div>\n\t\t\t\t\t<\/div>\n\t\t<\/section>\n\t\t\t\t<section class=\"elementor-section elementor-top-section elementor-element elementor-element-19a2503 elementor-section-boxed elementor-section-height-default elementor-section-height-default\" data-id=\"19a2503\" data-element_type=\"section\" data-e-type=\"section\">\n\t\t\t\t\t\t<div class=\"elementor-container elementor-column-gap-default\">\n\t\t\t\t\t<div class=\"elementor-column elementor-col-100 elementor-top-column elementor-element elementor-element-bd35add\" data-id=\"bd35add\" data-element_type=\"column\" data-e-type=\"column\">\n\t\t\t<div class=\"elementor-widget-wrap elementor-element-populated\">\n\t\t\t\t\t\t<div class=\"elementor-element elementor-element-e533132 elementor-widget elementor-widget-video\" data-id=\"e533132\" data-element_type=\"widget\" data-e-type=\"widget\" data-settings=\"{&quot;youtube_url&quot;:&quot;https:\\\/\\\/www.youtube.com\\\/watch?v=J-e8DtWrHss&quot;,&quot;video_type&quot;:&quot;youtube&quot;,&quot;controls&quot;:&quot;yes&quot;}\" data-widget_type=\"video.default\">\n\t\t\t\t<div class=\"elementor-widget-container\">\n\t\t\t\t\t\t\t<div class=\"elementor-wrapper elementor-open-inline\">\n\t\t\t<div class=\"elementor-video\"><\/div>\t\t<\/div>\n\t\t\t\t\t\t<\/div>\n\t\t\t\t<\/div>\n\t\t\t\t\t<\/div>\n\t\t<\/div>\n\t\t\t\t\t<\/div>\n\t\t<\/section>\n\t\t\t\t<section class=\"elementor-section elementor-top-section elementor-element elementor-element-9c47cbc elementor-section-boxed elementor-section-height-default elementor-section-height-default\" data-id=\"9c47cbc\" data-element_type=\"section\" data-e-type=\"section\">\n\t\t\t\t\t\t<div class=\"elementor-container elementor-column-gap-default\">\n\t\t\t\t\t<div class=\"elementor-column elementor-col-50 elementor-top-column elementor-element elementor-element-06d1991\" data-id=\"06d1991\" data-element_type=\"column\" data-e-type=\"column\" data-settings=\"{&quot;background_background&quot;:&quot;classic&quot;}\">\n\t\t\t<div class=\"elementor-widget-wrap elementor-element-populated\">\n\t\t\t\t\t\t<div class=\"elementor-element elementor-element-c8c6002 elementor-widget elementor-widget-spacer\" data-id=\"c8c6002\" data-element_type=\"widget\" data-e-type=\"widget\" data-widget_type=\"spacer.default\">\n\t\t\t\t<div class=\"elementor-widget-container\">\n\t\t\t\t\t\t\t<div class=\"elementor-spacer\">\n\t\t\t<div class=\"elementor-spacer-inner\"><\/div>\n\t\t<\/div>\n\t\t\t\t\t\t<\/div>\n\t\t\t\t<\/div>\n\t\t\t\t\t<\/div>\n\t\t<\/div>\n\t\t\t\t<div class=\"elementor-column elementor-col-50 elementor-top-column elementor-element elementor-element-fc76230\" data-id=\"fc76230\" data-element_type=\"column\" data-e-type=\"column\">\n\t\t\t<div class=\"elementor-widget-wrap elementor-element-populated\">\n\t\t\t\t\t\t<div class=\"elementor-element elementor-element-a7336a4 elementor-widget elementor-widget-heading\" data-id=\"a7336a4\" data-element_type=\"widget\" data-e-type=\"widget\" data-widget_type=\"heading.default\">\n\t\t\t\t<div class=\"elementor-widget-container\">\n\t\t\t\t\t<h2 class=\"elementor-heading-title elementor-size-default\">Producers<\/h2>\t\t\t\t<\/div>\n\t\t\t\t<\/div>\n\t\t\t\t<div class=\"elementor-element elementor-element-1c8eca7 elementor-widget elementor-widget-text-editor\" data-id=\"1c8eca7\" data-element_type=\"widget\" data-e-type=\"widget\" data-widget_type=\"text-editor.default\">\n\t\t\t\t<div class=\"elementor-widget-container\">\n\t\t\t\t\t\t\t\t\t<p class=\"translation-block\">There are <strong>more than 3,000 small and medium-sized producers<\/strong> who receive technical assistance, financial advice and socio-business support to constantly improve their palm crops.<\/p><ul><li>More than 44,000 hectares planted under this scheme.<\/li><li>4 communities in Mar\u00eda la Baja, Bolivar, Codazzi, Cesar, Catatumbo, Norte de Santander and Repel\u00f3n, Atl\u00e1ntico.<\/li><li>More than $150,000,000 in associative loans.\u00a0<\/li><li>3,000 people formalized.<\/li><li>16,800 people make a living from oil palm with this model.<\/li><\/ul>\t\t\t\t\t\t\t\t<\/div>\n\t\t\t\t<\/div>\n\t\t\t\t\t<\/div>\n\t\t<\/div>\n\t\t\t\t\t<\/div>\n\t\t<\/section>\n\t\t\t\t<section class=\"elementor-section elementor-top-section elementor-element elementor-element-130d57c elementor-reverse-mobile elementor-section-boxed elementor-section-height-default elementor-section-height-default\" data-id=\"130d57c\" data-element_type=\"section\" data-e-type=\"section\">\n\t\t\t\t\t\t<div class=\"elementor-container elementor-column-gap-default\">\n\t\t\t\t\t<div class=\"elementor-column elementor-col-50 elementor-top-column elementor-element elementor-element-dab1c31\" data-id=\"dab1c31\" data-element_type=\"column\" data-e-type=\"column\">\n\t\t\t<div class=\"elementor-widget-wrap elementor-element-populated\">\n\t\t\t\t\t\t<div class=\"elementor-element elementor-element-e4ab90f elementor-widget elementor-widget-heading\" data-id=\"e4ab90f\" data-element_type=\"widget\" data-e-type=\"widget\" data-widget_type=\"heading.default\">\n\t\t\t\t<div class=\"elementor-widget-container\">\n\t\t\t\t\t<h2 class=\"elementor-heading-title elementor-size-default\">Extractive Plants - Farmers<\/h2>\t\t\t\t<\/div>\n\t\t\t\t<\/div>\n\t\t\t\t<div class=\"elementor-element elementor-element-8cd63ee elementor-widget elementor-widget-text-editor\" data-id=\"8cd63ee\" data-element_type=\"widget\" data-e-type=\"widget\" data-widget_type=\"text-editor.default\">\n\t\t\t\t<div class=\"elementor-widget-container\">\n\t\t\t\t\t\t\t\t\t<h4><span style=\"color: #6a9400;\"><strong>They are shareholders and providers.<\/strong><\/span><\/h4><p>The same producers have the opportunity to be partners of the extracting plants and, at the same time, sell the bunches of fresh fruit (RFF) to the extractor.<\/p><p>At the same time, the extracting plant generates dividends for them and buys the fruit at fair and transparent prices. The benefits include: receiving dividends, participation in the government of the company, and power over business decisions to bring greater benefits to the community.<\/p><p style=\"text-align: center;\">How to be an oleoflores member?<\/p>\t\t\t\t\t\t\t\t<\/div>\n\t\t\t\t<\/div>\n\t\t\t\t<div class=\"elementor-element elementor-element-950f914 elementor-align-center elementor-widget elementor-widget-button\" data-id=\"950f914\" data-element_type=\"widget\" data-e-type=\"widget\" data-widget_type=\"button.default\">\n\t\t\t\t<div class=\"elementor-widget-container\">\n\t\t\t\t\t\t\t\t\t<div class=\"elementor-button-wrapper\">\n\t\t\t\t\t<a class=\"elementor-button elementor-button-link elementor-size-sm\" href=\"https:\/\/oleoflores.com\/en\/contacto\/\">\n\t\t\t\t\t\t<span class=\"elementor-button-content-wrapper\">\n\t\t\t\t\t\t\t\t\t<span class=\"elementor-button-text\">Contact us<\/span>\n\t\t\t\t\t<\/span>\n\t\t\t\t\t<\/a>\n\t\t\t\t<\/div>\n\t\t\t\t\t\t\t\t<\/div>\n\t\t\t\t<\/div>\n\t\t\t\t\t<\/div>\n\t\t<\/div>\n\t\t\t\t<div class=\"elementor-column elementor-col-50 elementor-top-column elementor-element elementor-element-1374b3e\" data-id=\"1374b3e\" data-element_type=\"column\" data-e-type=\"column\" data-settings=\"{&quot;background_background&quot;:&quot;classic&quot;}\">\n\t\t\t<div class=\"elementor-widget-wrap elementor-element-populated\">\n\t\t\t\t\t\t<div class=\"elementor-element elementor-element-4333028 elementor-widget elementor-widget-spacer\" data-id=\"4333028\" data-element_type=\"widget\" data-e-type=\"widget\" data-widget_type=\"spacer.default\">\n\t\t\t\t<div class=\"elementor-widget-container\">\n\t\t\t\t\t\t\t<div class=\"elementor-spacer\">\n\t\t\t<div class=\"elementor-spacer-inner\"><\/div>\n\t\t<\/div>\n\t\t\t\t\t\t<\/div>\n\t\t\t\t<\/div>\n\t\t\t\t\t<\/div>\n\t\t<\/div>\n\t\t\t\t\t<\/div>\n\t\t<\/section>\n\t\t\t\t<\/div>","protected":false},"excerpt":{"rendered":"<p>alianzas productivas Nuestro modelo se basa en alianzas productivas y sociales con los agricultores y comunidad.\u00a0 Asociamos a peque\u00f1os, medianos y grandes productores con empresarios experimentados, con el objetivo de convertir sus cultivos de la palma de aceite en proyectos productivos, rentables y sostenibles.\u00a0 Estamos en cinco departamentos de Colombia.\u00a0 Atl\u00e1ntico (Repel\u00f3n) Bolivar (Marialabaja) Cesar [&hellip;]<\/p>","protected":false},"author":1,"featured_media":0,"parent":0,"menu_order":0,"comment_status":"closed","ping_status":"closed","template":"","meta":{"footnotes":""},"class_list":["post-1269","page","type-page","status-publish","hentry"],"yoast_head":"<!-- This site is optimized with the Yoast SEO plugin v26.9 - https:\/\/yoast.com\/product\/yoast-seo-wordpress\/ -->\n<title>Alianzas Productivas - Oleoflores<\/title>\n<meta name=\"robots\" content=\"index, follow, max-snippet:-1, max-image-preview:large, max-video-preview:-1\" \/>\n<link rel=\"canonical\" href=\"https:\/\/oleoflores.com\/en\/alianzas-productivas\/\" \/>\n<meta property=\"og:locale\" content=\"en_US\" \/>\n<meta property=\"og:type\" content=\"article\" \/>\n<meta property=\"og:title\" content=\"Alianzas Productivas - Oleoflores\" \/>\n<meta property=\"og:description\" content=\"alianzas productivas Nuestro modelo se basa en alianzas productivas y sociales con los agricultores y comunidad.\u00a0 Asociamos a peque\u00f1os, medianos y grandes productores con empresarios experimentados, con el objetivo de convertir sus cultivos de la palma de aceite en proyectos productivos, rentables y sostenibles.\u00a0 Estamos en cinco departamentos de Colombia.\u00a0 Atl\u00e1ntico (Repel\u00f3n) Bolivar (Marialabaja) Cesar [&hellip;]\" \/>\n<meta property=\"og:url\" content=\"https:\/\/oleoflores.com\/en\/alianzas-productivas\/\" \/>\n<meta property=\"og:site_name\" content=\"Oleoflores\" \/>\n<meta property=\"article:modified_time\" content=\"2024-08-15T16:03:43+00:00\" \/>\n<meta name=\"twitter:card\" content=\"summary_large_image\" \/>\n<meta name=\"twitter:label1\" content=\"Est. reading time\" \/>\n\t<meta name=\"twitter:data1\" content=\"2 minutes\" \/>\n<script type=\"application\/ld+json\" class=\"yoast-schema-graph\">{\"@context\":\"https:\/\/schema.org\",\"@graph\":[{\"@type\":\"WebPage\",\"@id\":\"https:\/\/oleoflores.com\/alianzas-productivas\/\",\"url\":\"https:\/\/oleoflores.com\/alianzas-productivas\/\",\"name\":\"Alianzas Productivas - Oleoflores\",\"isPartOf\":{\"@id\":\"https:\/\/oleoflores.com\/#website\"},\"datePublished\":\"2022-08-11T14:02:37+00:00\",\"dateModified\":\"2024-08-15T16:03:43+00:00\",\"breadcrumb\":{\"@id\":\"https:\/\/oleoflores.com\/alianzas-productivas\/#breadcrumb\"},\"inLanguage\":\"en-US\",\"potentialAction\":[{\"@type\":\"ReadAction\",\"target\":[\"https:\/\/oleoflores.com\/alianzas-productivas\/\"]}]},{\"@type\":\"BreadcrumbList\",\"@id\":\"https:\/\/oleoflores.com\/alianzas-productivas\/#breadcrumb\",\"itemListElement\":[{\"@type\":\"ListItem\",\"position\":1,\"name\":\"Home\",\"item\":\"https:\/\/oleoflores.com\/\"},{\"@type\":\"ListItem\",\"position\":2,\"name\":\"Alianzas Productivas\"}]},{\"@type\":\"WebSite\",\"@id\":\"https:\/\/oleoflores.com\/#website\",\"url\":\"https:\/\/oleoflores.com\/\",\"name\":\"Oleoflores\",\"description\":\"Una palma, una vida cambia\",\"publisher\":{\"@id\":\"https:\/\/oleoflores.com\/#organization\"},\"potentialAction\":[{\"@type\":\"SearchAction\",\"target\":{\"@type\":\"EntryPoint\",\"urlTemplate\":\"https:\/\/oleoflores.com\/?s={search_term_string}\"},\"query-input\":{\"@type\":\"PropertyValueSpecification\",\"valueRequired\":true,\"valueName\":\"search_term_string\"}}],\"inLanguage\":\"en-US\"},{\"@type\":\"Organization\",\"@id\":\"https:\/\/oleoflores.com\/#organization\",\"name\":\"Oleoflores\",\"url\":\"https:\/\/oleoflores.com\/\",\"logo\":{\"@type\":\"ImageObject\",\"inLanguage\":\"en-US\",\"@id\":\"https:\/\/oleoflores.com\/#\/schema\/logo\/image\/\",\"url\":\"https:\/\/oleoflores.com\/wp-content\/uploads\/2024\/08\/logo-dark.png\",\"contentUrl\":\"https:\/\/oleoflores.com\/wp-content\/uploads\/2024\/08\/logo-dark.png\",\"width\":528,\"height\":162,\"caption\":\"Oleoflores\"},\"image\":{\"@id\":\"https:\/\/oleoflores.com\/#\/schema\/logo\/image\/\"}}]}<\/script>\n<!-- \/ Yoast SEO plugin. -->","yoast_head_json":{"title":"Alianzas Productivas - Oleoflores","robots":{"index":"index","follow":"follow","max-snippet":"max-snippet:-1","max-image-preview":"max-image-preview:large","max-video-preview":"max-video-preview:-1"},"canonical":"https:\/\/oleoflores.com\/en\/alianzas-productivas\/","og_locale":"en_US","og_type":"article","og_title":"Alianzas Productivas - Oleoflores","og_description":"alianzas productivas Nuestro modelo se basa en alianzas productivas y sociales con los agricultores y comunidad.\u00a0 Asociamos a peque\u00f1os, medianos y grandes productores con empresarios experimentados, con el objetivo de convertir sus cultivos de la palma de aceite en proyectos productivos, rentables y sostenibles.\u00a0 Estamos en cinco departamentos de Colombia.\u00a0 Atl\u00e1ntico (Repel\u00f3n) Bolivar (Marialabaja) Cesar [&hellip;]","og_url":"https:\/\/oleoflores.com\/en\/alianzas-productivas\/","og_site_name":"Oleoflores","article_modified_time":"2024-08-15T16:03:43+00:00","twitter_card":"summary_large_image","twitter_misc":{"Est. reading time":"2 minutes"},"schema":{"@context":"https:\/\/schema.org","@graph":[{"@type":"WebPage","@id":"https:\/\/oleoflores.com\/alianzas-productivas\/","url":"https:\/\/oleoflores.com\/alianzas-productivas\/","name":"Alianzas Productivas - Oleoflores","isPartOf":{"@id":"https:\/\/oleoflores.com\/#website"},"datePublished":"2022-08-11T14:02:37+00:00","dateModified":"2024-08-15T16:03:43+00:00","breadcrumb":{"@id":"https:\/\/oleoflores.com\/alianzas-productivas\/#breadcrumb"},"inLanguage":"en-US","potentialAction":[{"@type":"ReadAction","target":["https:\/\/oleoflores.com\/alianzas-productivas\/"]}]},{"@type":"BreadcrumbList","@id":"https:\/\/oleoflores.com\/alianzas-productivas\/#breadcrumb","itemListElement":[{"@type":"ListItem","position":1,"name":"Home","item":"https:\/\/oleoflores.com\/"},{"@type":"ListItem","position":2,"name":"Alianzas Productivas"}]},{"@type":"WebSite","@id":"https:\/\/oleoflores.com\/#website","url":"https:\/\/oleoflores.com\/","name":"Oleoflores","description":"One palm, one life changes","publisher":{"@id":"https:\/\/oleoflores.com\/#organization"},"potentialAction":[{"@type":"SearchAction","target":{"@type":"EntryPoint","urlTemplate":"https:\/\/oleoflores.com\/?s={search_term_string}"},"query-input":{"@type":"PropertyValueSpecification","valueRequired":true,"valueName":"search_term_string"}}],"inLanguage":"en-US"},{"@type":"Organization","@id":"https:\/\/oleoflores.com\/#organization","name":"Oleoflores","url":"https:\/\/oleoflores.com\/","logo":{"@type":"ImageObject","inLanguage":"en-US","@id":"https:\/\/oleoflores.com\/#\/schema\/logo\/image\/","url":"https:\/\/oleoflores.com\/wp-content\/uploads\/2024\/08\/logo-dark.png","contentUrl":"https:\/\/oleoflores.com\/wp-content\/uploads\/2024\/08\/logo-dark.png","width":528,"height":162,"caption":"Oleoflores"},"image":{"@id":"https:\/\/oleoflores.com\/#\/schema\/logo\/image\/"}}]}},"_links":{"self":[{"href":"https:\/\/oleoflores.com\/en\/wp-json\/wp\/v2\/pages\/1269","targetHints":{"allow":["GET"]}}],"collection":[{"href":"https:\/\/oleoflores.com\/en\/wp-json\/wp\/v2\/pages"}],"about":[{"href":"https:\/\/oleoflores.com\/en\/wp-json\/wp\/v2\/types\/page"}],"author":[{"embeddable":true,"href":"https:\/\/oleoflores.com\/en\/wp-json\/wp\/v2\/users\/1"}],"replies":[{"embeddable":true,"href":"https:\/\/oleoflores.com\/en\/wp-json\/wp\/v2\/comments?post=1269"}],"version-history":[{"count":206,"href":"https:\/\/oleoflores.com\/en\/wp-json\/wp\/v2\/pages\/1269\/revisions"}],"predecessor-version":[{"id":4198,"href":"https:\/\/oleoflores.com\/en\/wp-json\/wp\/v2\/pages\/1269\/revisions\/4198"}],"wp:attachment":[{"href":"https:\/\/oleoflores.com\/en\/wp-json\/wp\/v2\/media?parent=1269"}],"curies":[{"name":"wp","href":"https:\/\/api.w.org\/{rel}","templated":true}]}}