{"id":1265,"date":"2022-08-11T14:02:04","date_gmt":"2022-08-11T14:02:04","guid":{"rendered":"https:\/\/oleoflores.com\/?page_id=1265"},"modified":"2026-02-05T16:05:54","modified_gmt":"2026-02-05T16:05:54","slug":"productos","status":"publish","type":"page","link":"https:\/\/oleoflores.com\/en\/productos\/","title":{"rendered":"Products"},"content":{"rendered":"<div data-elementor-type=\"wp-page\" data-elementor-id=\"1265\" class=\"elementor elementor-1265\" data-elementor-post-type=\"page\">\n\t\t\t\t\t\t<section class=\"elementor-section elementor-top-section elementor-element elementor-element-1420db47 elementor-section-height-min-height elementor-section-boxed elementor-section-height-default elementor-section-items-middle\" data-id=\"1420db47\" data-element_type=\"section\" data-e-type=\"section\" data-settings=\"{&quot;background_background&quot;:&quot;classic&quot;,&quot;background_motion_fx_motion_fx_scrolling&quot;:&quot;yes&quot;,&quot;background_motion_fx_scale_effect&quot;:&quot;yes&quot;,&quot;background_motion_fx_scale_speed&quot;:{&quot;unit&quot;:&quot;px&quot;,&quot;size&quot;:5,&quot;sizes&quot;:[]},&quot;background_motion_fx_scale_direction&quot;:&quot;out-in&quot;,&quot;background_motion_fx_scale_range&quot;:{&quot;unit&quot;:&quot;%&quot;,&quot;size&quot;:&quot;&quot;,&quot;sizes&quot;:{&quot;start&quot;:20,&quot;end&quot;:80}},&quot;background_motion_fx_devices&quot;:[&quot;desktop&quot;,&quot;tablet&quot;,&quot;mobile&quot;]}\">\n\t\t\t\t\t\t\t<div class=\"elementor-background-overlay\"><\/div>\n\t\t\t\t\t\t\t<div class=\"elementor-container elementor-column-gap-default\">\n\t\t\t\t\t<div class=\"elementor-column elementor-col-100 elementor-top-column elementor-element elementor-element-5d92cb05\" data-id=\"5d92cb05\" data-element_type=\"column\" data-e-type=\"column\">\n\t\t\t<div class=\"elementor-widget-wrap elementor-element-populated\">\n\t\t\t\t\t\t<div class=\"elementor-element elementor-element-20f7a01 elementor-invisible elementor-widget elementor-widget-heading\" data-id=\"20f7a01\" data-element_type=\"widget\" data-e-type=\"widget\" data-settings=\"{&quot;_animation&quot;:&quot;slideInUp&quot;}\" data-widget_type=\"heading.default\">\n\t\t\t\t<div class=\"elementor-widget-container\">\n\t\t\t\t\t<h2 class=\"elementor-heading-title elementor-size-default\">Products<\/h2>\t\t\t\t<\/div>\n\t\t\t\t<\/div>\n\t\t\t\t<div class=\"elementor-element elementor-element-00c3592 animated-slow elementor-invisible elementor-widget elementor-widget-text-editor\" data-id=\"00c3592\" data-element_type=\"widget\" data-e-type=\"widget\" data-settings=\"{&quot;_animation&quot;:&quot;fadeIn&quot;,&quot;_animation_delay&quot;:600}\" data-widget_type=\"text-editor.default\">\n\t\t\t\t<div class=\"elementor-widget-container\">\n\t\t\t\t\t\t\t\t\t<p>We work from seed, harvesting, refining and final products derived from oil palm.\u00a0<\/p>\t\t\t\t\t\t\t\t<\/div>\n\t\t\t\t<\/div>\n\t\t\t\t\t<\/div>\n\t\t<\/div>\n\t\t\t\t\t<\/div>\n\t\t<\/section>\n\t\t\t\t<section class=\"elementor-section elementor-top-section elementor-element elementor-element-55d38120 elementor-section-boxed elementor-section-height-default elementor-section-height-default\" data-id=\"55d38120\" data-element_type=\"section\" data-e-type=\"section\">\n\t\t\t\t\t\t<div class=\"elementor-container elementor-column-gap-default\">\n\t\t\t\t\t<div class=\"elementor-column elementor-col-100 elementor-top-column elementor-element elementor-element-5432f954\" data-id=\"5432f954\" data-element_type=\"column\" data-e-type=\"column\">\n\t\t\t<div class=\"elementor-widget-wrap elementor-element-populated\">\n\t\t\t\t\t\t<section class=\"elementor-section elementor-inner-section elementor-element elementor-element-3fc1249e elementor-section-boxed elementor-section-height-default elementor-section-height-default\" data-id=\"3fc1249e\" data-element_type=\"section\" data-e-type=\"section\">\n\t\t\t\t\t\t<div class=\"elementor-container elementor-column-gap-default\">\n\t\t\t\t\t<div class=\"elementor-column elementor-col-100 elementor-inner-column elementor-element elementor-element-c987d88\" data-id=\"c987d88\" data-element_type=\"column\" data-e-type=\"column\">\n\t\t\t<div class=\"elementor-widget-wrap elementor-element-populated\">\n\t\t\t\t\t\t<div class=\"elementor-element elementor-element-38c742f elementor-widget__width-auto elementor-widget elementor-widget-button\" data-id=\"38c742f\" data-element_type=\"widget\" data-e-type=\"widget\" data-widget_type=\"button.default\">\n\t\t\t\t<div class=\"elementor-widget-container\">\n\t\t\t\t\t\t\t\t\t<div class=\"elementor-button-wrapper\">\n\t\t\t\t\t<a class=\"elementor-button elementor-button-link elementor-size-md\" href=\"https:\/\/oleoflores.com\/en\/productos\/industriales\/\">\n\t\t\t\t\t\t<span class=\"elementor-button-content-wrapper\">\n\t\t\t\t\t\t\t\t\t<span class=\"elementor-button-text\">Industrial Products<\/span>\n\t\t\t\t\t<\/span>\n\t\t\t\t\t<\/a>\n\t\t\t\t<\/div>\n\t\t\t\t\t\t\t\t<\/div>\n\t\t\t\t<\/div>\n\t\t\t\t<div class=\"elementor-element elementor-element-84939c8 elementor-widget__width-auto elementor-widget elementor-widget-button\" data-id=\"84939c8\" data-element_type=\"widget\" data-e-type=\"widget\" data-widget_type=\"button.default\">\n\t\t\t\t<div class=\"elementor-widget-container\">\n\t\t\t\t\t\t\t\t\t<div class=\"elementor-button-wrapper\">\n\t\t\t\t\t<a class=\"elementor-button elementor-button-link elementor-size-md\" href=\"https:\/\/oleoflores.com\/en\/productos\/solidos-y-margarinas\/\">\n\t\t\t\t\t\t<span class=\"elementor-button-content-wrapper\">\n\t\t\t\t\t\t\t\t\t<span class=\"elementor-button-text\">Solids and Margarines<\/span>\n\t\t\t\t\t<\/span>\n\t\t\t\t\t<\/a>\n\t\t\t\t<\/div>\n\t\t\t\t\t\t\t\t<\/div>\n\t\t\t\t<\/div>\n\t\t\t\t<div class=\"elementor-element elementor-element-40cd44b elementor-widget__width-auto elementor-widget elementor-widget-button\" data-id=\"40cd44b\" data-element_type=\"widget\" data-e-type=\"widget\" data-widget_type=\"button.default\">\n\t\t\t\t<div class=\"elementor-widget-container\">\n\t\t\t\t\t\t\t\t\t<div class=\"elementor-button-wrapper\">\n\t\t\t\t\t<a class=\"elementor-button elementor-button-link elementor-size-md\" href=\"https:\/\/oleoflores.com\/en\/productos\/agricolas\/\">\n\t\t\t\t\t\t<span class=\"elementor-button-content-wrapper\">\n\t\t\t\t\t\t\t\t\t<span class=\"elementor-button-text\">Agricultural products<\/span>\n\t\t\t\t\t<\/span>\n\t\t\t\t\t<\/a>\n\t\t\t\t<\/div>\n\t\t\t\t\t\t\t\t<\/div>\n\t\t\t\t<\/div>\n\t\t\t\t\t<\/div>\n\t\t<\/div>\n\t\t\t\t\t<\/div>\n\t\t<\/section>\n\t\t\t\t\t<\/div>\n\t\t<\/div>\n\t\t\t\t\t<\/div>\n\t\t<\/section>\n\t\t\t\t<section class=\"elementor-section elementor-top-section elementor-element elementor-element-9fceb0e elementor-section-full_width elementor-section-height-default elementor-section-height-default\" data-id=\"9fceb0e\" data-element_type=\"section\" data-e-type=\"section\" data-no-translation=\"\">\n\t\t\t\t\t\t<div class=\"elementor-container elementor-column-gap-default\">\n\t\t\t\t\t<div class=\"elementor-column elementor-col-100 elementor-top-column elementor-element elementor-element-dde3809\" data-id=\"dde3809\" data-element_type=\"column\" data-e-type=\"column\">\n\t\t\t<div class=\"elementor-widget-wrap elementor-element-populated\">\n\t\t\t\t\t\t<div class=\"elementor-element elementor-element-689eab2 elementor-widget elementor-widget-heading\" data-id=\"689eab2\" data-element_type=\"widget\" data-e-type=\"widget\" data-widget_type=\"heading.default\">\n\t\t\t\t<div class=\"elementor-widget-container\">\n\t\t\t\t\t<h2 class=\"elementor-heading-title elementor-size-default\">Process<\/h2>\t\t\t\t<\/div>\n\t\t\t\t<\/div>\n\t\t\t\t<div class=\"elementor-element elementor-element-fdadcb6 elementor-widget elementor-widget-image\" data-id=\"fdadcb6\" data-element_type=\"widget\" data-e-type=\"widget\" data-widget_type=\"image.default\">\n\t\t\t\t<div class=\"elementor-widget-container\">\n\t\t\t\t\t\t\t\t\t\t\t\t\t\t\t<img fetchpriority=\"high\" decoding=\"async\" width=\"1769\" height=\"226\" src=\"https:\/\/oleoflores.com\/wp-content\/uploads\/2023\/05\/proceso-ingles2.png\" class=\"attachment-full size-full wp-image-3989\" alt=\"flujo 1\" srcset=\"https:\/\/oleoflores.com\/wp-content\/uploads\/2023\/05\/proceso-ingles2.png 1769w, https:\/\/oleoflores.com\/wp-content\/uploads\/2023\/05\/proceso-ingles2-300x38.png 300w, https:\/\/oleoflores.com\/wp-content\/uploads\/2023\/05\/proceso-ingles2-1024x131.png 1024w, https:\/\/oleoflores.com\/wp-content\/uploads\/2023\/05\/proceso-ingles2-768x98.png 768w, https:\/\/oleoflores.com\/wp-content\/uploads\/2023\/05\/proceso-ingles2-1536x196.png 1536w, https:\/\/oleoflores.com\/wp-content\/uploads\/2023\/05\/proceso-ingles2-18x2.png 18w\" sizes=\"(max-width: 1769px) 100vw, 1769px\" \/>\t\t\t\t\t\t\t\t\t\t\t\t\t\t\t<\/div>\n\t\t\t\t<\/div>\n\t\t\t\t\t<\/div>\n\t\t<\/div>\n\t\t\t\t\t<\/div>\n\t\t<\/section>\n\t\t\t\t<section class=\"elementor-section elementor-top-section elementor-element elementor-element-514494f elementor-section-boxed elementor-section-height-default elementor-section-height-default\" data-id=\"514494f\" data-element_type=\"section\" data-e-type=\"section\">\n\t\t\t\t\t\t<div class=\"elementor-container elementor-column-gap-default\">\n\t\t\t\t\t<div class=\"elementor-column elementor-col-100 elementor-top-column elementor-element elementor-element-02029b2\" data-id=\"02029b2\" data-element_type=\"column\" data-e-type=\"column\">\n\t\t\t<div class=\"elementor-widget-wrap elementor-element-populated\">\n\t\t\t\t\t\t<div class=\"elementor-element elementor-element-bf3f40f elementor-widget elementor-widget-video\" data-id=\"bf3f40f\" data-element_type=\"widget\" data-e-type=\"widget\" data-settings=\"{&quot;youtube_url&quot;:&quot;https:\\\/\\\/www.youtube.com\\\/watch?v=tem-BADdBNQ&quot;,&quot;video_type&quot;:&quot;youtube&quot;,&quot;controls&quot;:&quot;yes&quot;}\" data-no-translation=\"\" data-widget_type=\"video.default\">\n\t\t\t\t<div class=\"elementor-widget-container\">\n\t\t\t\t\t<style>.elementor-element-bf3f40f{display:none !important}<\/style>\t\t\t\t<\/div>\n\t\t\t\t<\/div>\n\t\t\t\t<div class=\"elementor-element elementor-element-3f41fe8 elementor-widget elementor-widget-video\" data-id=\"3f41fe8\" data-element_type=\"widget\" data-e-type=\"widget\" data-settings=\"{&quot;youtube_url&quot;:&quot;https:\\\/\\\/www.youtube.com\\\/watch?v=H5UiCwZeh_w&quot;,&quot;video_type&quot;:&quot;youtube&quot;,&quot;controls&quot;:&quot;yes&quot;}\" data-no-translation=\"\" data-widget_type=\"video.default\">\n\t\t\t\t<div class=\"elementor-widget-container\">\n\t\t\t\t\t\t\t<div class=\"elementor-wrapper elementor-open-inline\">\n\t\t\t<div class=\"elementor-video\"><\/div>\t\t<\/div>\n\t\t\t\t\t\t<\/div>\n\t\t\t\t<\/div>\n\t\t\t\t\t<\/div>\n\t\t<\/div>\n\t\t\t\t\t<\/div>\n\t\t<\/section>\n\t\t\t\t<\/div>","protected":false},"excerpt":{"rendered":"<p>Productos Trabajamos desde la semilla, la cosecha, refinaci\u00f3n y productos finales derivados de la palma de aceite.\u00a0 GRUPO OLEOFLORES El Grupo Empresarial Oleoflores est\u00e1 comprometido con los est\u00e1ndares de sostenibilidad, medioambiente y responsabilidad social, que garantizan la generaci\u00f3n de valor para sus accionistas, asociados, colaboradores, clientes y proveedores, a trav\u00e9s de modelos de desarrollo social [&hellip;]<\/p>","protected":false},"author":1,"featured_media":0,"parent":0,"menu_order":0,"comment_status":"closed","ping_status":"closed","template":"","meta":{"footnotes":""},"class_list":["post-1265","page","type-page","status-publish","hentry"],"yoast_head":"<!-- This site is optimized with the Yoast SEO plugin v26.9 - https:\/\/yoast.com\/product\/yoast-seo-wordpress\/ -->\n<title>Productos - Oleoflores<\/title>\n<meta name=\"robots\" content=\"index, follow, max-snippet:-1, max-image-preview:large, max-video-preview:-1\" \/>\n<link rel=\"canonical\" href=\"https:\/\/oleoflores.com\/en\/productos\/\" \/>\n<meta property=\"og:locale\" content=\"en_US\" \/>\n<meta property=\"og:type\" content=\"article\" \/>\n<meta property=\"og:title\" content=\"Productos - Oleoflores\" \/>\n<meta property=\"og:description\" content=\"Productos Trabajamos desde la semilla, la cosecha, refinaci\u00f3n y productos finales derivados de la palma de aceite.\u00a0 GRUPO OLEOFLORES El Grupo Empresarial Oleoflores est\u00e1 comprometido con los est\u00e1ndares de sostenibilidad, medioambiente y responsabilidad social, que garantizan la generaci\u00f3n de valor para sus accionistas, asociados, colaboradores, clientes y proveedores, a trav\u00e9s de modelos de desarrollo social [&hellip;]\" \/>\n<meta property=\"og:url\" content=\"https:\/\/oleoflores.com\/en\/productos\/\" \/>\n<meta property=\"og:site_name\" content=\"Oleoflores\" \/>\n<meta property=\"article:modified_time\" content=\"2026-02-05T16:05:54+00:00\" \/>\n<meta property=\"og:image\" content=\"https:\/\/oleoflores.com\/wp-content\/uploads\/2023\/05\/proceso-ingles2.png\" \/>\n<meta name=\"twitter:card\" content=\"summary_large_image\" \/>\n<script type=\"application\/ld+json\" class=\"yoast-schema-graph\">{\"@context\":\"https:\/\/schema.org\",\"@graph\":[{\"@type\":\"WebPage\",\"@id\":\"https:\/\/oleoflores.com\/productos\/\",\"url\":\"https:\/\/oleoflores.com\/productos\/\",\"name\":\"Productos - Oleoflores\",\"isPartOf\":{\"@id\":\"https:\/\/oleoflores.com\/#website\"},\"primaryImageOfPage\":{\"@id\":\"https:\/\/oleoflores.com\/productos\/#primaryimage\"},\"image\":{\"@id\":\"https:\/\/oleoflores.com\/productos\/#primaryimage\"},\"thumbnailUrl\":\"https:\/\/oleoflores.com\/wp-content\/uploads\/2023\/05\/proceso-ingles2.png\",\"datePublished\":\"2022-08-11T14:02:04+00:00\",\"dateModified\":\"2026-02-05T16:05:54+00:00\",\"breadcrumb\":{\"@id\":\"https:\/\/oleoflores.com\/productos\/#breadcrumb\"},\"inLanguage\":\"en-US\",\"potentialAction\":[{\"@type\":\"ReadAction\",\"target\":[\"https:\/\/oleoflores.com\/productos\/\"]}]},{\"@type\":\"ImageObject\",\"inLanguage\":\"en-US\",\"@id\":\"https:\/\/oleoflores.com\/productos\/#primaryimage\",\"url\":\"https:\/\/oleoflores.com\/wp-content\/uploads\/2023\/05\/proceso-ingles2.png\",\"contentUrl\":\"https:\/\/oleoflores.com\/wp-content\/uploads\/2023\/05\/proceso-ingles2.png\"},{\"@type\":\"BreadcrumbList\",\"@id\":\"https:\/\/oleoflores.com\/productos\/#breadcrumb\",\"itemListElement\":[{\"@type\":\"ListItem\",\"position\":1,\"name\":\"Home\",\"item\":\"https:\/\/oleoflores.com\/\"},{\"@type\":\"ListItem\",\"position\":2,\"name\":\"Productos\"}]},{\"@type\":\"WebSite\",\"@id\":\"https:\/\/oleoflores.com\/#website\",\"url\":\"https:\/\/oleoflores.com\/\",\"name\":\"Oleoflores\",\"description\":\"Una palma, una vida cambia\",\"publisher\":{\"@id\":\"https:\/\/oleoflores.com\/#organization\"},\"potentialAction\":[{\"@type\":\"SearchAction\",\"target\":{\"@type\":\"EntryPoint\",\"urlTemplate\":\"https:\/\/oleoflores.com\/?s={search_term_string}\"},\"query-input\":{\"@type\":\"PropertyValueSpecification\",\"valueRequired\":true,\"valueName\":\"search_term_string\"}}],\"inLanguage\":\"en-US\"},{\"@type\":\"Organization\",\"@id\":\"https:\/\/oleoflores.com\/#organization\",\"name\":\"Oleoflores\",\"url\":\"https:\/\/oleoflores.com\/\",\"logo\":{\"@type\":\"ImageObject\",\"inLanguage\":\"en-US\",\"@id\":\"https:\/\/oleoflores.com\/#\/schema\/logo\/image\/\",\"url\":\"https:\/\/oleoflores.com\/wp-content\/uploads\/2024\/08\/logo-dark.png\",\"contentUrl\":\"https:\/\/oleoflores.com\/wp-content\/uploads\/2024\/08\/logo-dark.png\",\"width\":528,\"height\":162,\"caption\":\"Oleoflores\"},\"image\":{\"@id\":\"https:\/\/oleoflores.com\/#\/schema\/logo\/image\/\"}}]}<\/script>\n<!-- \/ Yoast SEO plugin. -->","yoast_head_json":{"title":"Productos - Oleoflores","robots":{"index":"index","follow":"follow","max-snippet":"max-snippet:-1","max-image-preview":"max-image-preview:large","max-video-preview":"max-video-preview:-1"},"canonical":"https:\/\/oleoflores.com\/en\/productos\/","og_locale":"en_US","og_type":"article","og_title":"Productos - Oleoflores","og_description":"Productos Trabajamos desde la semilla, la cosecha, refinaci\u00f3n y productos finales derivados de la palma de aceite.\u00a0 GRUPO OLEOFLORES El Grupo Empresarial Oleoflores est\u00e1 comprometido con los est\u00e1ndares de sostenibilidad, medioambiente y responsabilidad social, que garantizan la generaci\u00f3n de valor para sus accionistas, asociados, colaboradores, clientes y proveedores, a trav\u00e9s de modelos de desarrollo social [&hellip;]","og_url":"https:\/\/oleoflores.com\/en\/productos\/","og_site_name":"Oleoflores","article_modified_time":"2026-02-05T16:05:54+00:00","og_image":[{"url":"https:\/\/oleoflores.com\/wp-content\/uploads\/2023\/05\/proceso-ingles2.png","type":"","width":"","height":""}],"twitter_card":"summary_large_image","schema":{"@context":"https:\/\/schema.org","@graph":[{"@type":"WebPage","@id":"https:\/\/oleoflores.com\/productos\/","url":"https:\/\/oleoflores.com\/productos\/","name":"Productos - Oleoflores","isPartOf":{"@id":"https:\/\/oleoflores.com\/#website"},"primaryImageOfPage":{"@id":"https:\/\/oleoflores.com\/productos\/#primaryimage"},"image":{"@id":"https:\/\/oleoflores.com\/productos\/#primaryimage"},"thumbnailUrl":"https:\/\/oleoflores.com\/wp-content\/uploads\/2023\/05\/proceso-ingles2.png","datePublished":"2022-08-11T14:02:04+00:00","dateModified":"2026-02-05T16:05:54+00:00","breadcrumb":{"@id":"https:\/\/oleoflores.com\/productos\/#breadcrumb"},"inLanguage":"en-US","potentialAction":[{"@type":"ReadAction","target":["https:\/\/oleoflores.com\/productos\/"]}]},{"@type":"ImageObject","inLanguage":"en-US","@id":"https:\/\/oleoflores.com\/productos\/#primaryimage","url":"https:\/\/oleoflores.com\/wp-content\/uploads\/2023\/05\/proceso-ingles2.png","contentUrl":"https:\/\/oleoflores.com\/wp-content\/uploads\/2023\/05\/proceso-ingles2.png"},{"@type":"BreadcrumbList","@id":"https:\/\/oleoflores.com\/productos\/#breadcrumb","itemListElement":[{"@type":"ListItem","position":1,"name":"Home","item":"https:\/\/oleoflores.com\/"},{"@type":"ListItem","position":2,"name":"Productos"}]},{"@type":"WebSite","@id":"https:\/\/oleoflores.com\/#website","url":"https:\/\/oleoflores.com\/","name":"Oleoflores","description":"One palm, one life changes","publisher":{"@id":"https:\/\/oleoflores.com\/#organization"},"potentialAction":[{"@type":"SearchAction","target":{"@type":"EntryPoint","urlTemplate":"https:\/\/oleoflores.com\/?s={search_term_string}"},"query-input":{"@type":"PropertyValueSpecification","valueRequired":true,"valueName":"search_term_string"}}],"inLanguage":"en-US"},{"@type":"Organization","@id":"https:\/\/oleoflores.com\/#organization","name":"Oleoflores","url":"https:\/\/oleoflores.com\/","logo":{"@type":"ImageObject","inLanguage":"en-US","@id":"https:\/\/oleoflores.com\/#\/schema\/logo\/image\/","url":"https:\/\/oleoflores.com\/wp-content\/uploads\/2024\/08\/logo-dark.png","contentUrl":"https:\/\/oleoflores.com\/wp-content\/uploads\/2024\/08\/logo-dark.png","width":528,"height":162,"caption":"Oleoflores"},"image":{"@id":"https:\/\/oleoflores.com\/#\/schema\/logo\/image\/"}}]}},"_links":{"self":[{"href":"https:\/\/oleoflores.com\/en\/wp-json\/wp\/v2\/pages\/1265","targetHints":{"allow":["GET"]}}],"collection":[{"href":"https:\/\/oleoflores.com\/en\/wp-json\/wp\/v2\/pages"}],"about":[{"href":"https:\/\/oleoflores.com\/en\/wp-json\/wp\/v2\/types\/page"}],"author":[{"embeddable":true,"href":"https:\/\/oleoflores.com\/en\/wp-json\/wp\/v2\/users\/1"}],"replies":[{"embeddable":true,"href":"https:\/\/oleoflores.com\/en\/wp-json\/wp\/v2\/comments?post=1265"}],"version-history":[{"count":744,"href":"https:\/\/oleoflores.com\/en\/wp-json\/wp\/v2\/pages\/1265\/revisions"}],"predecessor-version":[{"id":4171,"href":"https:\/\/oleoflores.com\/en\/wp-json\/wp\/v2\/pages\/1265\/revisions\/4171"}],"wp:attachment":[{"href":"https:\/\/oleoflores.com\/en\/wp-json\/wp\/v2\/media?parent=1265"}],"curies":[{"name":"wp","href":"https:\/\/api.w.org\/{rel}","templated":true}]}}